{"id":3172,"date":"2017-03-17T16:14:08","date_gmt":"2017-03-17T16:14:08","guid":{"rendered":"http:\/\/atlanttiseura.fi\/?page_id=3172"},"modified":"2022-02-23T19:12:18","modified_gmt":"2022-02-23T19:12:18","slug":"tapahtumat-2","status":"publish","type":"page","link":"https:\/\/atlanttiseura.fi\/?page_id=3172","title":{"rendered":"Tapahtumat"},"content":{"rendered":"<p><span style=\"color: #000000;\">Suomen Atlantti-Seura tarjoaa transatlanttisten ulko- ja turvallisuuspoliittisten kysymysten k\u00e4sittelyyn painottuneen foorumin Suomessa ja edist\u00e4\u00e4 osaltaan moniarvoista keskustelukulttuuria. Seura toimii kohtaamispaikkana ulko- ja turvallisuuspolitiikasta kiinnostuneille suomalaisille.<\/span><\/p>\n<p><span style=\"color: #000000;\"><a style=\"color: #000000;\" href=\"http:\/\/atlanttiseura.fi\/?page_id=3234\">Liittym\u00e4ll\u00e4 j\u00e4seneksi<\/a> saat kutsut Suomen Atlantti-Seuran tilaisuuksiin.<\/span><\/p>\n<p>\u00a0<\/p>\n<p><a style=\"color: #0000ff;\" href=\"http:\/\/atlanttiseura.fi\/?page_id=3150\"><span style=\"color: #000000;\"><strong>MENNEIT\u00c4 TAPAHTUMIA<\/strong><\/span><\/a><\/p>\n\n\n<p><\/p>\n","protected":false},"excerpt":{"rendered":"<p>Suomen Atlantti-Seura tarjoaa transatlanttisten ulko- ja turvallisuuspoliittisten kysymysten k\u00e4sittelyyn painottuneen foorumin Suomessa ja edist\u00e4\u00e4 osaltaan moniarvoista keskustelukulttuuria. Seura toimii kohtaamispaikkana ulko- ja turvallisuuspolitiikasta kiinnostuneille suomalaisille. Liittym\u00e4ll\u00e4 j\u00e4seneksi saat kutsut Suomen Atlantti-Seuran tilaisuuksiin. \u00a0 MENNEIT\u00c4 TAPAHTUMIA<\/p>\n","protected":false},"author":1,"featured_media":0,"parent":0,"menu_order":0,"comment_status":"closed","ping_status":"closed","template":"","meta":[],"_links":{"self":[{"href":"https:\/\/atlanttiseura.fi\/index.php?rest_route=\/wp\/v2\/pages\/3172"}],"collection":[{"href":"https:\/\/atlanttiseura.fi\/index.php?rest_route=\/wp\/v2\/pages"}],"about":[{"href":"https:\/\/atlanttiseura.fi\/index.php?rest_route=\/wp\/v2\/types\/page"}],"author":[{"embeddable":true,"href":"https:\/\/atlanttiseura.fi\/index.php?rest_route=\/wp\/v2\/users\/1"}],"replies":[{"embeddable":true,"href":"https:\/\/atlanttiseura.fi\/index.php?rest_route=%2Fwp%2Fv2%2Fcomments&post=3172"}],"version-history":[{"count":22,"href":"https:\/\/atlanttiseura.fi\/index.php?rest_route=\/wp\/v2\/pages\/3172\/revisions"}],"predecessor-version":[{"id":3822,"href":"https:\/\/atlanttiseura.fi\/index.php?rest_route=\/wp\/v2\/pages\/3172\/revisions\/3822"}],"wp:attachment":[{"href":"https:\/\/atlanttiseura.fi\/index.php?rest_route=%2Fwp%2Fv2%2Fmedia&parent=3172"}],"curies":[{"name":"wp","href":"https:\/\/api.w.org\/{rel}","templated":true}]}}