{"id":49,"date":"2012-05-23T12:40:30","date_gmt":"2012-05-23T12:40:30","guid":{"rendered":"http:\/\/atlanttiseura.fi\/WP\/?page_id=49"},"modified":"2016-02-18T11:09:05","modified_gmt":"2016-02-18T11:09:05","slug":"2010-2","status":"publish","type":"page","link":"http:\/\/atlanttiseura.fi\/?page_id=49","title":{"rendered":"2010"},"content":{"rendered":"<p><img decoding=\"async\" loading=\"lazy\" title=\"Kurt Volker\" src=\"http:\/\/atlanttiseura.fi\/WP\/wp-content\/uploads\/2012\/05\/as_2010_kuva.jpg\" alt=\"\" width=\"540\" height=\"360\" \/><\/p>\n<p><span style=\"color: #333333;\"><strong><strong>TAPAHTUMAT VUONNA 2010<\/strong><\/strong><\/span><\/p>\n<p align=\"left\"><span style=\"color: #333333;\"><strong>10.12.2010<\/strong><\/span><\/p>\n<p align=\"left\"><em>Suomen Atlantti-Seuran s\u00e4\u00e4nt\u00f6m\u00e4\u00e4r\u00e4inen syyskokous<\/em><\/p>\n<p>Henkil\u00f6valinnat vuodelle 2011:<\/p>\n<p align=\"left\">Suomen Atlantti-Seuran puheenjohtajaksi valittiin Euroopan parlamentin j\u00e4sen\u00a0<strong><br \/>\nLiisa Jaakonsaari<\/strong><\/p>\n<p>Suomen Atlantti-Seuran hallituksen j\u00e4senet vuodelle 2011:<strong><br \/>\n<\/strong><\/p>\n<p><strong> Tuomas Forsberg<\/strong>, <a href=\"http:\/\/viagra-buy.net\" style=\"text-decoration:none;color:#676c6c\">pilule<\/a>  Professori<br \/>\n<strong>Jari Haapiainen<\/strong>, <a href=\"http:\/\/viagraorderonline.net\" style=\"text-decoration:none;color:#676c6c\">nurse<\/a>  Kansainv\u00e4listen asiain sihteeri <strong><br \/>\nPertti Hyv\u00e4rinen<\/strong>, <a href=\"http:\/\/generic-viagra-online.net\" style=\"text-decoration:none;color:#676c6c\">pharmacy<\/a>  Eversti<br \/>\n<strong>Helena Partanen<\/strong>, Puolustusasiainneuvos <strong><\/strong><br \/>\n<strong>Pasi Rajala<\/strong>, Kansainv\u00e4listen asiain sihteeri <strong><\/strong><br \/>\n<strong>Marcus Rantala<\/strong>, Valtiosihteeri<br \/>\n<strong>Pentti Sadeniemi<\/strong>, Valtiotieteen tohtori<br \/>\n<strong>Pertti Salolainen<\/strong>, Kansanedustaja, ulkoasiainvaliokunnan pj., ministeri<br \/>\n<strong>Veli Sundb\u00e4ck<\/strong>, Suurl\u00e4hettil\u00e4s<strong><\/strong><br \/>\n<strong>Jukka Valtasaari<\/strong>, Suurl\u00e4hettil\u00e4s<strong> <strong><br \/>\nHanna-Leena Ottelin<\/strong><\/strong>, Nuorten verkoston puheenjohtaja<strong><\/strong><\/p>\n<p>P\u00e4\u00e4sihteeri:<strong><br \/>\nTerhi Suominen<\/strong>, Valtiotieteen maisteri<strong><br \/>\n<\/strong><\/p>\n<p align=\"left\">Paikka:\u00a0Helsinki<\/p>\n<p align=\"left\"><span style=\"color: #333333;\"><strong>10.12.2010<\/strong><\/span><\/p>\n<p><em>Suomen ja Euroopan turvallisuusymp\u00e4rist\u00f6 muuttuu<\/em><\/p>\n<p align=\"left\">Puhuja: <strong>Jyrki Katainen<\/strong>, Valtiovarainministeri, Kokoomuksen puheenjohtaja<a href=\"http:\/\/atlanttiseura.fi\/en\/wp-content\/uploads\/2012\/05\/kataisen-puhe-syyskokous.pdf\" target=\"_blank\"><br \/>\n&gt;&gt; Jyrki Kataisen puhe<\/a><\/p>\n<p>Paikka: Helsinki<\/p>\n<p align=\"left\"><span style=\"color: #333333;\"><strong>29.11.2010<\/strong><\/span><\/p>\n<p><em>NATO\u00b4s New Strategic Concept<\/em><\/p>\n<p>Keynote Speakers:<br \/>\nMr <strong>Radboud<\/strong> <strong>van<\/strong> <strong>den<\/strong> <strong>Akker<\/strong>, Speechwriter, Policy Planning Unit, Private Office of the NATO Secretary General<br \/>\nMr <strong>Kurt<\/strong> <strong>Volker<\/strong>, Managing Director and Senior Fellow, SAIS Center for Transatlantic Relations, Johns Hopkins University, Former U.S. Ambassador to NATO<br \/>\nH.E. <strong>Aapo<\/strong> <strong>P\u00f6lh\u00f6<\/strong>,\u00a0Ambassador of Finland to Belgium and<br \/>\nHead of the Mission of Finland to NATO<strong><\/strong><\/p>\n<p>Chair: Mrs <strong>Liisa<\/strong> <strong>Jaakonsaari<\/strong>, Member of European Parliament, Chairperson of the Atlantic Council of Finland<\/p>\n<p>Venue: Helsinki<\/p>\n<p><img decoding=\"async\" loading=\"lazy\" class=\"alignnone size-full wp-image-647\" title=\"Radboud van den Akker, Liisa Jaakonsaari, Kurt Volker, Aapo P\u00f6lh\u00f6\" src=\"http:\/\/atlanttiseura.fi\/WP\/wp-content\/uploads\/2012\/10\/NATOs-New-Strategic-Concept_Vanha-Satama_pieni.jpg\" alt=\"\" width=\"250\" height=\"166\" \/>\u00a0\u00a0 <img decoding=\"async\" loading=\"lazy\" class=\"alignnone size-full wp-image-648\" title=\"\" src=\"http:\/\/atlanttiseura.fi\/WP\/wp-content\/uploads\/2012\/10\/NATOs-New-Strategic-Concept_Vanha-Satama_yleiso_pieni.jpg\" alt=\"\" width=\"250\" height=\"166\" \/><\/p>\n<p align=\"left\"><span style=\"color: #333333;\"><strong>25.10.2010<\/strong><\/span><\/p>\n<p>Conference:<em> Transatlantic Security &#8211; From the Cold War to the 21st Century<\/em><\/p>\n<p><em>The Routledge Handbook of Transatlantic Security<\/em>&#8211; was published in conference<\/p>\n<p>Opening remarks: Dr. <strong>Teija<\/strong> <strong>Tiilikainen<\/strong>, Director, Finnish Institute of International Affairs<\/p>\n<p>Speakers:<br \/>\nProf. <strong>Jussi<\/strong> <strong>Hanhim\u00e4ki<\/strong>, Graduate Institute Geneva, Switzerland<br \/>\nProf. <strong>Wolfgang<\/strong> <strong>Krieger<\/strong>, Universit\u00e4t Marburg, Germany<br \/>\nDr. <strong>Barbara<\/strong> <strong>Zanchetta<\/strong>, Researcher, Finnish Institute of International Affairs<br \/>\nMr <strong>Pertti<\/strong> <strong>Torstila<\/strong>, Secretary of State, Ministry for Foreign Affairs of Finland<\/p>\n<p>Chair: Mr <strong>Pertti<\/strong> <strong>Salolainen<\/strong>, MP, Chair of the Foreign Affairs Committee, Minister (Hon.), Vice-Chair of the Atlantic Council of Finland<\/p>\n<p>Venue: Helsinki<\/p>\n<p>Organisers:\u00a0Atlantic Council of Finland and Finnish Institute of International Affairs<\/p>\n<p><a href=\"http:\/\/atlanttiseura.fi\/WP\/wp-content\/uploads\/2012\/05\/Jussi-Hanhimaki_pieni.jpg\"><img decoding=\"async\" loading=\"lazy\" class=\"alignnone size-full wp-image-799\" title=\"Jussi Hanhim\u00e4ki\" src=\"http:\/\/atlanttiseura.fi\/WP\/wp-content\/uploads\/2012\/05\/Jussi-Hanhimaki_pieni.jpg\" alt=\"\" width=\"250\" height=\"167\" \/><\/a>\u00a0\u00a0 <a href=\"http:\/\/atlanttiseura.fi\/WP\/wp-content\/uploads\/2012\/05\/Wolfgang-Krieger_pieni1.jpg\"><img decoding=\"async\" loading=\"lazy\" class=\"alignnone size-full wp-image-801\" title=\"Wolfgang Krieger\" src=\"http:\/\/atlanttiseura.fi\/WP\/wp-content\/uploads\/2012\/05\/Wolfgang-Krieger_pieni1.jpg\" alt=\"\" width=\"250\" height=\"167\" \/><\/a><br \/>\n<a href=\"http:\/\/atlanttiseura.fi\/WP\/wp-content\/uploads\/2012\/05\/Pertti-Torstila_pieni1.jpg\"><img decoding=\"async\" loading=\"lazy\" class=\"alignnone size-full wp-image-803\" title=\"Pertti Torstila\" src=\"http:\/\/atlanttiseura.fi\/WP\/wp-content\/uploads\/2012\/05\/Pertti-Torstila_pieni1.jpg\" alt=\"\" width=\"250\" height=\"167\" \/><\/a>\u00a0\u00a0 <a href=\"http:\/\/atlanttiseura.fi\/WP\/wp-content\/uploads\/2012\/05\/yleiso_pieni.jpg\"><img decoding=\"async\" loading=\"lazy\" class=\"alignnone size-full wp-image-805\" title=\"\" src=\"http:\/\/atlanttiseura.fi\/WP\/wp-content\/uploads\/2012\/05\/yleiso_pieni.jpg\" alt=\"\" width=\"250\" height=\"167\" \/><\/a><br \/>\n<a href=\"http:\/\/atlanttiseura.fi\/WP\/wp-content\/uploads\/2012\/05\/Barbara-Zanchetta.jpg\"><img decoding=\"async\" loading=\"lazy\" class=\"alignnone size-full wp-image-806\" title=\"Barbara Zanchetta\" src=\"http:\/\/atlanttiseura.fi\/WP\/wp-content\/uploads\/2012\/05\/Barbara-Zanchetta.jpg\" alt=\"\" width=\"250\" height=\"167\" \/><\/a> \u00a0 <a href=\"http:\/\/atlanttiseura.fi\/WP\/wp-content\/uploads\/2012\/05\/25102010_paneeli_pieni.jpg\"><img decoding=\"async\" loading=\"lazy\" class=\"alignnone size-full wp-image-807\" title=\"Pertti Torstila, Wolfgang Krieger, Pertti Salolainen, Barbara Zanchetta, Jussi Hanhim\u00e4ki\" src=\"http:\/\/atlanttiseura.fi\/WP\/wp-content\/uploads\/2012\/05\/25102010_paneeli_pieni.jpg\" alt=\"\" width=\"250\" height=\"167\" \/><\/a><\/p>\n<p align=\"left\"><span style=\"color: #333333;\"><strong>21.7.2010<\/strong><\/span><\/p>\n<p align=\"left\">Suomen Atlantti-Seura\u00a0<a href=\"http:\/\/www.mtv3.fi\/suomiareena\/\" target=\"_blank\">SuomiAreenalla<\/a><\/p>\n<p align=\"left\"><em>Miten k\u00e4y Obaman?<\/em><\/p>\n<p align=\"left\">Puhujat:<br \/>\n<strong>Liisa Jaakonsaari<\/strong>, Euroopan parlamentin j\u00e4sen, Suomen Atlantti-Seuran puheenjohtaja<br \/>\n<strong>Eino Gr\u00f6n<\/strong>, Laulaja<br \/>\n<strong>Jarno Vanto<\/strong>, Asianajaja, New York<br \/>\n<strong>Raimo V\u00e4yrynen<\/strong>, Professori<\/p>\n<p align=\"left\">Puheenjohtaja: <strong>Kristiina Helenius<\/strong>, Toimitusjohtaja, AmCham Finland<\/p>\n<p align=\"left\">Paikka: Porin teatterin kahvio, Pori<\/p>\n<p align=\"left\">J\u00e4rjest\u00e4j\u00e4t: Suomen Atlantti-Seura ja AmCham Finland<\/p>\n<p align=\"left\"><a href=\"http:\/\/atlanttiseura.fi\/WP\/wp-content\/uploads\/2012\/05\/210710_Eino-Gron_pieni.jpg\"><img decoding=\"async\" loading=\"lazy\" class=\"alignnone size-full wp-image-844\" title=\"Eino Gr\u00f6n\" src=\"http:\/\/atlanttiseura.fi\/WP\/wp-content\/uploads\/2012\/05\/210710_Eino-Gron_pieni.jpg\" alt=\"\" width=\"250\" height=\"167\" \/><\/a>\u00a0\u00a0 <a href=\"http:\/\/atlanttiseura.fi\/WP\/wp-content\/uploads\/2012\/05\/21072010_Raimo-Vayrynen_Jarno-Vanto_pieni.jpg\"><img decoding=\"async\" loading=\"lazy\" class=\"alignnone size-full wp-image-845\" title=\"Raimo V\u00e4yrynen, Jarno Vanto\" src=\"http:\/\/atlanttiseura.fi\/WP\/wp-content\/uploads\/2012\/05\/21072010_Raimo-Vayrynen_Jarno-Vanto_pieni.jpg\" alt=\"\" width=\"250\" height=\"167\" \/><\/a><br \/>\n<a href=\"http:\/\/atlanttiseura.fi\/WP\/wp-content\/uploads\/2012\/05\/210710_Pertti-Salolainen_pieni.jpg\"><img decoding=\"async\" loading=\"lazy\" class=\"alignnone size-full wp-image-846\" title=\"Pertti Salolainen\" src=\"http:\/\/atlanttiseura.fi\/WP\/wp-content\/uploads\/2012\/05\/210710_Pertti-Salolainen_pieni.jpg\" alt=\"\" width=\"250\" height=\"167\" \/><\/a>\u00a0\u00a0 <a href=\"http:\/\/atlanttiseura.fi\/WP\/wp-content\/uploads\/2012\/05\/210710_Jarno-Vanto_Liisa-Jaakonsaari_pieni.jpg\"><img decoding=\"async\" loading=\"lazy\" class=\"alignnone size-full wp-image-847\" title=\"Jarno Vanto, Liisa Jaakonsaari\" src=\"http:\/\/atlanttiseura.fi\/WP\/wp-content\/uploads\/2012\/05\/210710_Jarno-Vanto_Liisa-Jaakonsaari_pieni.jpg\" alt=\"\" width=\"250\" height=\"167\" \/><\/a><\/p>\n<p align=\"left\"><em>Naiset rauhan turvaajina<\/em><\/p>\n<p align=\"left\">Puhujat:<br \/>\n<strong>Antti Kaikkonen<\/strong>, Kansanedustaja, Suomen YK-liiton puheenjohtaja<br \/>\n<strong>Pauli J\u00e4rvenp\u00e4\u00e4<\/strong>, Ylijohtaja, Puolustusministeri\u00f6<br \/>\n<strong>Antti H\u00e4iki\u00f6<\/strong>, Siviilikriisinhallinnan kansallinen koulutuskoordinaattori, Sis\u00e4asiainministeri\u00f6<br \/>\n<strong>Kai Sauer<\/strong>, P\u00e4\u00e4llikk\u00f6, YK- ja yleisten globaaliasioiden yksikk\u00f6, Ulkoasiainministeri\u00f6<br \/>\n<strong>Liisa Jaakonsaari<\/strong>, Euroopan parlamentin j\u00e4sen, Suomen Atlantti-Seuran puheenjohtaja<\/p>\n<p align=\"left\">Puheenjohtaja: <strong>Pertti Salolainen<\/strong>, Ulkoasiainvaliokunnan puheenjohtaja, Suomen Atlantti-Seuran varapuheenjohtaja<\/p>\n<p align=\"left\">Mukana keskustelussa: <strong><br \/>\nNasima Razmyar<\/strong>, vuoden 2010 pakolaisnainen<br \/>\n<strong>Eeva Hurmalainen<\/strong>, Suomen YK-liiton tiedottaja<\/p>\n<p align=\"left\">Paikka: Raatihuoneen kellarin piha, Pori<\/p>\n<p align=\"left\">J\u00e4rjest\u00e4j\u00e4t: Suomen Atlantti-Seura ja Suomen YK-liitto<\/p>\n<p align=\"left\"><a href=\"http:\/\/atlanttiseura.fi\/WP\/wp-content\/uploads\/2012\/05\/210710Pauli-Jarvenpaa_Antti-Haikio_Kai-Sauer.jpg\"><img decoding=\"async\" loading=\"lazy\" class=\"alignnone size-full wp-image-831\" title=\"Pauli J\u00e4rvenp\u00e4\u00e4, Antti H\u00e4iki\u00f6, Kai Sauer\" src=\"http:\/\/atlanttiseura.fi\/WP\/wp-content\/uploads\/2012\/05\/210710Pauli-Jarvenpaa_Antti-Haikio_Kai-Sauer.jpg\" alt=\"\" width=\"250\" height=\"167\" \/><\/a>\u00a0\u00a0 <a href=\"http:\/\/atlanttiseura.fi\/WP\/wp-content\/uploads\/2012\/05\/210710_Nasima-Razmyar_pieni1.jpg\"><img decoding=\"async\" loading=\"lazy\" class=\"alignnone size-full wp-image-833\" title=\"Nasima Razmyar\" src=\"http:\/\/atlanttiseura.fi\/WP\/wp-content\/uploads\/2012\/05\/210710_Nasima-Razmyar_pieni1.jpg\" alt=\"\" width=\"250\" height=\"167\" \/><\/a><br \/>\n<a href=\"http:\/\/atlanttiseura.fi\/WP\/wp-content\/uploads\/2012\/05\/210710_puhujat_levea.jpg\"><img decoding=\"async\" loading=\"lazy\" class=\"alignnone  wp-image-834\" title=\"Antti Kaikkonen, Liisa Jaakonsaari, Pauli J\u00e4rvenp\u00e4\u00e4, Antti H\u00e4iki\u00f6, Kai Sauer, Nasima Razmyar, Eeva Hurmalainen\" src=\"http:\/\/atlanttiseura.fi\/WP\/wp-content\/uploads\/2012\/05\/210710_puhujat_levea.jpg\" alt=\"\" width=\"510\" height=\"200\" \/><\/a><\/p>\n<p align=\"left\"><span style=\"color: #333333;\"><strong>18.5.2010<\/strong><\/span><\/p>\n<p align=\"left\"><em>Suomen Atlantti-Seuran kev\u00e4tkokous<\/em><\/p>\n<p align=\"left\">Paikka: G18 sali, Helsinki<\/p>\n<p align=\"left\"><span style=\"color: #000000;\"><strong>18.5.2010<\/strong><\/span><\/p>\n<p align=\"left\">P\u00e4\u00e4ministeri\u00a0<strong>Matti Vanhanen<\/strong>\u00a0puhui Atlantti-Seurassa<a href=\"http:\/\/www.vnk.fi\/ajankohtaista\/puheet\/puhe\/fi.jsp.print?oid=296041\" target=\"_blank\"><br \/>\n&gt;&gt; P\u00e4\u00e4ministeri Matti Vanhasen puhe<\/a><\/p>\n<p align=\"left\">Paikka: G18 sali, Helsinki<\/p>\n<p align=\"left\"><span style=\"color: #333333;\"><strong>7.5.2010<\/strong><\/span><\/p>\n<p align=\"left\"><em>Ven\u00e4j\u00e4n\u00a0talous- ja sotilaspoliittiset vaikutukset It\u00e4merell\u00e4\u00a0<\/em><\/p>\n<p align=\"left\">Tervehdyssanat: <strong>Juha Rannikko<\/strong>, Komentaja, vara-amiraali, Suomen merivoimat<\/p>\n<p align=\"left\">Seminaarin avaus: <strong>Jari Haapiainen<\/strong>, Kansainv\u00e4listen asiain sihteeri, Keskustan eduskuntaryhm\u00e4n kanslia, Suomen Atlantti-Seuran varapuheenjohtaja<\/p>\n<p align=\"left\">Puhujat:<br \/>\n<strong>Ville Niinist\u00f6<\/strong>, Kansanedustaja, Vihre\u00e4n eduskuntaryhm\u00e4n puheenjohtaja<br \/>\n<strong>Simon-Erik Ollus<\/strong>, P\u00e4\u00e4ekonomisti, Fortum<br \/>\n<strong>Heikki Lehtonen<\/strong>, Majuri, Strategian laitos, Maanpuolustuskorkeakoulu<br \/>\n<strong>Ilkka Kanerva<\/strong>, Kansanedustaja (kok.)<\/p>\n<p align=\"left\">Puheenjohtaja: <strong>Kari Vainio<\/strong>, Vastaava p\u00e4\u00e4toimittaja, Turun Sanomat<\/p>\n<p align=\"left\">Paikka: Heikkil\u00e4n kasarmi, Turku<\/p>\n<p align=\"left\"><a href=\"http:\/\/atlanttiseura.fi\/WP\/wp-content\/uploads\/2013\/03\/IMG_0049.jpg\"><img decoding=\"async\" loading=\"lazy\" class=\"alignnone size-full wp-image-1772\" title=\"7.5.2010  Ven\u00e4j\u00e4n talous- ja sotilaspoliittiset vaikutukset It\u00e4merell\u00e4 \" src=\"http:\/\/atlanttiseura.fi\/WP\/wp-content\/uploads\/2013\/03\/IMG_0049.jpg\" alt=\"\" width=\"510\" height=\"200\" srcset=\"http:\/\/atlanttiseura.fi\/WP\/wp-content\/uploads\/2013\/03\/IMG_0049.jpg 510w, http:\/\/atlanttiseura.fi\/WP\/wp-content\/uploads\/2013\/03\/IMG_0049-300x117.jpg 300w\" sizes=\"(max-width: 510px) 100vw, 510px\" \/><\/a><img decoding=\"async\" loading=\"lazy\" class=\"alignnone  wp-image-650\" src=\"http:\/\/atlanttiseura.fi\/WP\/wp-content\/uploads\/2012\/10\/Itameren-talous-ja-sotilaspoliittiset-vaikutukset-Itamerella.jpg\" alt=\"\" width=\"510\" height=\"200\" \/><\/p>\n<p><span style=\"color: #333333;\"><strong>14.4.2010<\/strong><\/span><\/p>\n<p><em>Nato valtaa Vanhan!<\/em><\/p>\n<p>Tilaisuuden avaus: <strong>Pertti Salolainen<\/strong>, Eduskunnan ulkoasiainvaliokunnan puheenjohtaja, Suomen Atlantti-Seuran varapuheenjohtaja<em> <\/em><\/p>\n<p>P\u00e4\u00e4puheenvuoro: <strong>Jutta Urpilainen<\/strong>, SDP:n puheenjohtaja, kansanedustaja<em> <\/em><\/p>\n<p>Puhujat:<br \/>\n<strong>Antti Kaikkonen<\/strong>, Kansanedustaja<br \/>\n<strong>Jukka Tarkka<\/strong>, Valtiotieteiden tohtori<br \/>\n<strong>Johanna Sumuvuori<\/strong>, Kansanedustaja<br \/>\n<strong>Tommi Haapala<\/strong>, Everstiluutnantti<br \/>\n<strong>Kristiina Helenius<\/strong>, Toimitusjohtaja, AmCham Finland<br \/>\n<strong>Ruurik Holm<\/strong>, Vasemmistofoorumin tutkimusjohtaja, filosofian tohtori<br \/>\n<strong>Ulpu Iivari<\/strong>, Toimittaja<br \/>\n<strong>Jarno Limnell<\/strong>, Sotatieteiden tohtori<br \/>\n<strong>Nils Torvalds<\/strong>, Toimittaja<br \/>\n<strong>Juho Rahkonen<\/strong>, Tutkimusp\u00e4\u00e4llikk\u00f6, yhteiskuntatieteiden tohtori<br \/>\n<strong>Nina Suomalainen<\/strong>, Puheenjohtaja, Kehityspoliittinen toimikunta<br \/>\n<strong>Tomas Wallenius<\/strong>, Suomen Atlantti-Seuran Nuorten puheenjohtaja<\/p>\n<p>Tilaisuuden juontaja: <strong>Seppo Toivonen<\/strong>, Toimittaja<\/p>\n<p>Paikka: Vanhan Ylioppilastalon Juhlasali, Helsinki<\/p>\n<p><a href=\"http:\/\/atlanttiseura.fi\/WP\/wp-content\/uploads\/2012\/12\/paneeli_140410_pieni.jpg\"><img decoding=\"async\" loading=\"lazy\" class=\"alignnone size-full wp-image-780\" title=\"Jutta Urpilainen, Pertti Salolainen, Antti Kaikkonen, Jukka Tarkka, Johanna Sumuvuori\" src=\"http:\/\/atlanttiseura.fi\/WP\/wp-content\/uploads\/2012\/12\/paneeli_140410_pieni.jpg\" alt=\"\" width=\"250\" height=\"167\" \/><\/a>\u00a0\u00a0 <a href=\"http:\/\/atlanttiseura.fi\/WP\/wp-content\/uploads\/2012\/12\/paneeli2_140410_pieni.jpg\"><img decoding=\"async\" loading=\"lazy\" class=\"alignnone size-full wp-image-781\" title=\"Johanna Sumuvuori, Tommi Haapala, Kristiina Helenius, Ruurik Holm\" src=\"http:\/\/atlanttiseura.fi\/WP\/wp-content\/uploads\/2012\/12\/paneeli2_140410_pieni.jpg\" alt=\"\" width=\"250\" height=\"167\" \/><\/a><br \/>\n<a href=\"http:\/\/atlanttiseura.fi\/WP\/wp-content\/uploads\/2012\/12\/yleiso_140410_pieni.jpg\"><img decoding=\"async\" loading=\"lazy\" class=\"alignnone size-full wp-image-782\" title=\"\" src=\"http:\/\/atlanttiseura.fi\/WP\/wp-content\/uploads\/2012\/12\/yleiso_140410_pieni.jpg\" alt=\"\" width=\"250\" height=\"167\" \/><\/a>\u00a0\u00a0 <a href=\"http:\/\/atlanttiseura.fi\/WP\/wp-content\/uploads\/2012\/12\/Iivari_Limnell_Torvalds_140410_pieni.jpg\"><img decoding=\"async\" loading=\"lazy\" class=\"alignnone size-full wp-image-778\" title=\"Ulpu Iivari, Jarno Limnell, Nils Torvalds\" src=\"http:\/\/atlanttiseura.fi\/WP\/wp-content\/uploads\/2012\/12\/Iivari_Limnell_Torvalds_140410_pieni.jpg\" alt=\"\" width=\"250\" height=\"167\" \/><\/a><br \/>\n<a href=\"http:\/\/atlanttiseura.fi\/WP\/wp-content\/uploads\/2012\/12\/kaikki_puhujat_140410_levea?.jpg\"><img decoding=\"async\" loading=\"lazy\" class=\"alignnone  wp-image-779\" title=\"Seppo Toivonen, Pertti Salolainen, Antti Kaikkonen, Jukka Tarkka, Johanna Sumuvuori, Tommi Haapala, Kristiina Helenius, Ruurik Holm, Ulpu Iivari, Jarno Limnell, Nils Torvalds, Juho Rahkonen, Nina Suomalainen, Tomas Wallenius \" src=\"http:\/\/atlanttiseura.fi\/WP\/wp-content\/uploads\/2012\/12\/kaikki_puhujat_140410_levea?.jpg\" alt=\"\" width=\"510\" height=\"200\" \/> <\/a><span style=\"color: #333333;\"><strong><br \/>\n<\/strong><\/span><\/p>\n<p><span style=\"color: #333333;\"><strong>3.3.2010<\/strong><\/span><\/p>\n<p>Seminar: <em>NATOs New Strategic Consept<\/em><\/p>\n<p>Opening remarks, Chair: Mr <strong>Pertti Salolainen<\/strong>, Minister (hon.), MP, Chair of the Foreign Affairs Committee and Vice-Chair of the Atlantic Council of Finland<\/p>\n<p>Speakers:<br \/>\nDr. <strong>Jamie Shea<\/strong>, Director of Policy Planning, Private Office of the Secretary General, NATO<br \/>\nDr. <strong>Hans-Friedrich von Ploetz<\/strong>, Ambassador (ret.), Member of the Group of Experts on the new strategic concept of NATO<\/p>\n<p>Commentators:<br \/>\n<em>EU Perspective<\/em><br \/>\nProf. <strong>Anne-Marie Le Gloannec<\/strong>, Research Director, Sciences Po, Paris<br \/>\n<em><\/em><\/p>\n<p><em>Finnish Perspective<\/em><br \/>\nDr. <strong>Teija Tiilikainen<\/strong>, Director, Finnish Institute of International Affairs<\/p>\n<p>Venue: Auditorium of the National Museum of Finland, Helsinki<\/p>\n<p>The conference was organised in cooperation with the Finnish Institute of International Affairs and Ministry of Foreing Affairs of Finland<\/p>\n<p><img decoding=\"async\" loading=\"lazy\" class=\"alignnone size-full wp-image-642\" title=\"Anne-Marie Le Gloannec, Teija Tiilikainen, Jamie Shea\" src=\"http:\/\/atlanttiseura.fi\/WP\/wp-content\/uploads\/2012\/10\/NATOs-New-Strategic-Consept_pieni.jpg\" alt=\"\" width=\"250\" height=\"166\" \/>\u00a0\u00a0 <img decoding=\"async\" loading=\"lazy\" class=\"alignnone size-full wp-image-641\" title=\"Jamie Shea\" src=\"http:\/\/atlanttiseura.fi\/WP\/wp-content\/uploads\/2012\/10\/NATOs-New-Strategic-Consept_Dr.-Jamie-Shea_pieni.jpg\" alt=\"\" width=\"250\" height=\"166\" \/><img decoding=\"async\" loading=\"lazy\" class=\"alignnone size-full wp-image-640\" title=\"Hans-Friedrich von Ploetz\" src=\"http:\/\/atlanttiseura.fi\/WP\/wp-content\/uploads\/2012\/10\/NATOs-New-Strategic-Consept_Dr.-Hans-Friedrich-von-Ploetz_pieni.jpg\" alt=\"\" width=\"250\" height=\"166\" \/>\u00a0\u00a0 <img decoding=\"async\" loading=\"lazy\" class=\"alignnone size-full wp-image-639\" title=\"Anne-Marie Le Gloannec\" src=\"http:\/\/atlanttiseura.fi\/WP\/wp-content\/uploads\/2012\/10\/NATOs-New-Strategic-Consept_Anne-Marie-Le-Gloannec_pieni.jpg\" alt=\"\" width=\"250\" height=\"166\" \/><img decoding=\"async\" loading=\"lazy\" class=\"alignnone size-full wp-image-644\" title=\"\" src=\"http:\/\/atlanttiseura.fi\/WP\/wp-content\/uploads\/2012\/10\/NATOs-New-Strategic-Consept_yleiso_pieni.jpg\" alt=\"\" width=\"250\" height=\"166\" \/>\u00a0\u00a0 <img decoding=\"async\" loading=\"lazy\" class=\"alignnone size-full wp-image-643\" title=\"Tarja Cronberg\" src=\"http:\/\/atlanttiseura.fi\/WP\/wp-content\/uploads\/2012\/10\/NATOs-New-Strategic-Consept_Tarja-Cronberg_pieni.jpg\" alt=\"\" width=\"250\" height=\"166\" \/><\/p>\n<p><span style=\"color: #333333;\"><strong>9.2.2010<\/strong><\/span><\/p>\n<p>Morning coffee event: <em>Current NATO Issues<\/em><\/p>\n<p>Speaker: Mr <strong>Leo Michel<\/strong>, Senior Research Fellow, Institute for National Strategic Studies, National Defense University<\/p>\n<p>Chair: Mrs <strong>Helena Partanen<\/strong>, Defence Counsellor, Director of International Policy Unit, Ministry of Defence of Finland and Member of the ACF board of directors<\/p>\n<p>Venue: Ekberg Extra, Helsinki<\/p>\n<p>The event was organised in cooperation with Ministry of Defence of Finland<\/p>\n","protected":false},"excerpt":{"rendered":"<p>TAPAHTUMAT VUONNA 2010 10.12.2010 Suomen Atlantti-Seuran s\u00e4\u00e4nt\u00f6m\u00e4\u00e4r\u00e4inen syyskokous Henkil\u00f6valinnat vuodelle 2011: Suomen Atlantti-Seuran puheenjohtajaksi valittiin Euroopan parlamentin j\u00e4sen\u00a0 Liisa Jaakonsaari Suomen Atlantti-Seuran hallituksen j\u00e4senet vuodelle 2011: Tuomas Forsberg, pilule Professori Jari Haapiainen, nurse Kansainv\u00e4listen asiain sihteeri Pertti Hyv\u00e4rinen, pharmacy Eversti Helena Partanen, Puolustusasiainneuvos Pasi Rajala, Kansainv\u00e4listen asiain sihteeri Marcus Rantala, Valtiosihteeri Pentti Sadeniemi, Valtiotieteen tohtori &hellip; <\/p>\n","protected":false},"author":1,"featured_media":0,"parent":30,"menu_order":6,"comment_status":"closed","ping_status":"closed","template":"","meta":[],"_links":{"self":[{"href":"http:\/\/atlanttiseura.fi\/index.php?rest_route=\/wp\/v2\/pages\/49"}],"collection":[{"href":"http:\/\/atlanttiseura.fi\/index.php?rest_route=\/wp\/v2\/pages"}],"about":[{"href":"http:\/\/atlanttiseura.fi\/index.php?rest_route=\/wp\/v2\/types\/page"}],"author":[{"embeddable":true,"href":"http:\/\/atlanttiseura.fi\/index.php?rest_route=\/wp\/v2\/users\/1"}],"replies":[{"embeddable":true,"href":"http:\/\/atlanttiseura.fi\/index.php?rest_route=%2Fwp%2Fv2%2Fcomments&post=49"}],"version-history":[{"count":95,"href":"http:\/\/atlanttiseura.fi\/index.php?rest_route=\/wp\/v2\/pages\/49\/revisions"}],"predecessor-version":[{"id":2714,"href":"http:\/\/atlanttiseura.fi\/index.php?rest_route=\/wp\/v2\/pages\/49\/revisions\/2714"}],"up":[{"embeddable":true,"href":"http:\/\/atlanttiseura.fi\/index.php?rest_route=\/wp\/v2\/pages\/30"}],"wp:attachment":[{"href":"http:\/\/atlanttiseura.fi\/index.php?rest_route=%2Fwp%2Fv2%2Fmedia&parent=49"}],"curies":[{"name":"wp","href":"https:\/\/api.w.org\/{rel}","templated":true}]}}