{"id":3321,"date":"2017-03-22T13:32:05","date_gmt":"2017-03-22T13:32:05","guid":{"rendered":"http:\/\/atlanttiseura.fi\/?page_id=3321"},"modified":"2022-02-23T00:01:43","modified_gmt":"2022-02-23T00:01:43","slug":"1999-2","status":"publish","type":"page","link":"http:\/\/atlanttiseura.fi\/?page_id=3321","title":{"rendered":"1999"},"content":{"rendered":"<p><span style=\"color: #000000;\"><strong>16.12.1999<\/strong><\/span><\/p>\n<p><span style=\"color: #000000;\">Suomen Atlantti-Seura perustettiin Helsingiss\u00e4<\/span><\/p>\n<p><span style=\"color: #000000;\"><strong>16.12.1999<\/strong><em><br \/>\n<\/em><\/span><\/p>\n<p><span style=\"color: #000000;\">Suomen Atlantti-Seuran puheenjohtajaksi vuodelle 1999 ja 2000 valittiin ministeri, suurl\u00e4hettil\u00e4s<strong> Jaakko Iloniemi<\/strong><\/span><\/p>\n<p><span style=\"color: #000000;\">Suomen Atlantti-Seuran hallituksen j\u00e4senet vuodelle 1999 ja 2000:<\/span><\/p>\n<p><span style=\"color: #000000;\"><strong>Maria-Kaisa Aula<\/strong><\/span><br \/>\n<span style=\"color: #000000;\"><strong>Karoliina Honkanen <\/strong>(sihteeri)<\/span><br \/>\n<span style=\"color: #000000;\"><strong>Heikki Hult<\/strong><\/span><br \/>\n<span style=\"color: #000000;\"><strong>Jyrki Karvinen<\/strong><\/span><br \/>\n<span style=\"color: #000000;\"><strong>Tomas Ries<\/strong><\/span><br \/>\n<span style=\"color: #000000;\"><strong>Ilkka Suominen<\/strong><\/span><br \/>\n<span style=\"color: #000000;\"><strong>Astrid Thors<\/strong><\/span><br \/>\n<span style=\"color: #000000;\"><strong>Kari Vitie<\/strong><\/span><\/p>\n","protected":false},"excerpt":{"rendered":"<p>16.12.1999 Suomen Atlantti-Seura perustettiin Helsingiss\u00e4 16.12.1999 Suomen Atlantti-Seuran puheenjohtajaksi vuodelle 1999 ja 2000 valittiin ministeri, suurl\u00e4hettil\u00e4s Jaakko Iloniemi Suomen Atlantti-Seuran hallituksen j\u00e4senet vuodelle 1999 ja 2000: Maria-Kaisa Aula Karoliina Honkanen (sihteeri) Heikki Hult Jyrki Karvinen Tomas Ries Ilkka Suominen Astrid Thors Kari Vitie<\/p>\n","protected":false},"author":1,"featured_media":0,"parent":0,"menu_order":0,"comment_status":"closed","ping_status":"closed","template":"","meta":[],"_links":{"self":[{"href":"http:\/\/atlanttiseura.fi\/index.php?rest_route=\/wp\/v2\/pages\/3321"}],"collection":[{"href":"http:\/\/atlanttiseura.fi\/index.php?rest_route=\/wp\/v2\/pages"}],"about":[{"href":"http:\/\/atlanttiseura.fi\/index.php?rest_route=\/wp\/v2\/types\/page"}],"author":[{"embeddable":true,"href":"http:\/\/atlanttiseura.fi\/index.php?rest_route=\/wp\/v2\/users\/1"}],"replies":[{"embeddable":true,"href":"http:\/\/atlanttiseura.fi\/index.php?rest_route=%2Fwp%2Fv2%2Fcomments&post=3321"}],"version-history":[{"count":5,"href":"http:\/\/atlanttiseura.fi\/index.php?rest_route=\/wp\/v2\/pages\/3321\/revisions"}],"predecessor-version":[{"id":3747,"href":"http:\/\/atlanttiseura.fi\/index.php?rest_route=\/wp\/v2\/pages\/3321\/revisions\/3747"}],"wp:attachment":[{"href":"http:\/\/atlanttiseura.fi\/index.php?rest_route=%2Fwp%2Fv2%2Fmedia&parent=3321"}],"curies":[{"name":"wp","href":"https:\/\/api.w.org\/{rel}","templated":true}]}}