{"id":3317,"date":"2017-03-22T13:30:49","date_gmt":"2017-03-22T13:30:49","guid":{"rendered":"http:\/\/atlanttiseura.fi\/?page_id=3317"},"modified":"2022-02-23T00:07:13","modified_gmt":"2022-02-23T00:07:13","slug":"2001-2","status":"publish","type":"page","link":"http:\/\/atlanttiseura.fi\/?page_id=3317","title":{"rendered":"2001"},"content":{"rendered":"<p><span style=\"color: #000000;\"><strong>19.\u201320.10.2001<\/strong><\/span><\/p>\n<p><span style=\"color: #000000;\"><em>Baltic Security, NATO and the EU<\/em><\/span><\/p>\n<p><span style=\"color: #000000;\">Opening remarks: Mr <strong>Jaakko Iloniemi<\/strong>, Ambassador (ret.), Minister (Hon.)<\/span><\/p>\n<p><span style=\"color: #000000;\">Speakers: <strong><br \/>\n<\/strong><em>Transatlantic Relations and Northern Europe<\/em><strong><br \/>\n<\/strong>Mr<strong> Jaakko Laajava<\/strong>, Under-Secretary of State, Ministry for Foreing Affairs of Finland<\/span><\/p>\n<p><span style=\"color: #000000;\"><em>The Strategic Environment \u2013 the Next 20 Years<\/em><\/span><br \/>\n<span style=\"color: #000000;\">Prof. <strong>Alan Lee Williams<\/strong> OBE, President, Atlantic Treaty Association; Director, Atlantic Council of the UK<\/span><\/p>\n<p><span style=\"color: #000000;\"><em>Security, Integration and Economic Growth in the Baltic Sea Region<\/em><strong><br \/>\n<\/strong>Mr <strong>Vesa Vainio<\/strong>, Chairman, Nordea<\/span><\/p>\n<p><span style=\"color: #000000;\"><em>Nato-Defence Alliance, Transatlantic Link and Crisis Management Organization<br \/>\n<\/em>Mr <strong>Michael Durkee<\/strong>, Minister, Political Advisor to Supreme Allied Commander Europe (SACEUR<strong>)<br \/>\n<\/strong><\/span><\/p>\n<p><span style=\"color: #000000;\"><em>Nato Enlargement and Public Support<\/em><strong><br \/>\n<\/strong>Dr. <strong>Jamie Shea<\/strong>, Director, NATO Office of Press and Information<strong><br \/>\n<\/strong><\/span><\/p>\n<p><span style=\"color: #000000;\"><strong>26.9.2001<\/strong><\/span><\/p>\n<p><span style=\"color: #000000;\"><em>EU:n kriisinhallintakyvyn luominen ja EU\u2013Nato -yhteisty\u00f6<\/em><\/span><\/p>\n<p><span style=\"color: #000000;\">Puhuja: <strong>Antti Sierla<\/strong>, Suurl\u00e4hettil\u00e4s, Suomen pysyv\u00e4 edustusto Euroopan unionissa<\/span><\/p>\n<p><span style=\"color: #000000;\">Paikka: Mets\u00e4teollisuus ry<\/span><\/p>\n<p><span style=\"color: #000000;\"><strong>26.9.2001<\/strong><\/span><\/p>\n<p><span style=\"color: #000000;\"><em>Suomen Atlantti-Seuran s\u00e4\u00e4nt\u00f6m\u00e4\u00e4r\u00e4inen\u00a0syyskokous<\/em><\/span><\/p>\n<p><span style=\"color: #000000;\">Henkil\u00f6valinnat vuodelle 2002:<\/span><\/p>\n<p><span style=\"color: #000000;\">Suomen Atlantti-Seuran puheenjohtajaksi valittiin, ministeri, suurl\u00e4hettil\u00e4s <strong>Paavo Rantanen<\/strong><\/span><\/p>\n<p><span style=\"color: #000000;\">Suomen Atlantti-Seuran hallituksen j\u00e4senet vuodelle 2002<strong>:<br \/>\n<\/strong><\/span><\/p>\n<p><span style=\"color: #000000;\"><strong>Maria-Kaisa Aula<\/strong><\/span><br \/>\n<span style=\"color: #000000;\"><strong>Karoliina Honkanen <\/strong>(sihteeri)<\/span><br \/>\n<span style=\"color: #000000;\"><strong>Heikki Hult<\/strong><\/span><br \/>\n<span style=\"color: #000000;\"><strong>Jyrki Karvinen<\/strong><\/span><br \/>\n<span style=\"color: #000000;\"><strong>Tomas Ries<\/strong><\/span><br \/>\n<span style=\"color: #000000;\"><strong>Ilkka Suominen<\/strong><\/span><br \/>\n<span style=\"color: #000000;\"><strong>Astrid Thors<\/strong><\/span><br \/>\n<span style=\"color: #000000;\"><strong>Kari Vitie<\/strong><\/span><\/p>\n<p><span style=\"color: #000000;\">Paikka: Mets\u00e4teollisuus ry<\/span><\/p>\n<p><span style=\"color: #000000;\"><strong>15.5.2001<\/strong><\/span><\/p>\n<p><span style=\"color: #000000;\"><em>It\u00e4meren alueen turvallisuus<\/em><\/span><\/p>\n<p><span style=\"color: #000000;\">Puhuja: <strong>Jaakko Blomberg<\/strong>, Alivaltiosihteeri, Ulkoasianministeri\u00f6<strong><br \/>\n<\/strong><\/span><\/p>\n<p><span style=\"color: #000000;\"><strong>15.5.2001<\/strong><\/span><\/p>\n<p><span style=\"color: #000000;\">Suomen Atlantti-Seuran s\u00e4\u00e4nt\u00f6m\u00e4\u00e4r\u00e4inen\u00a0kev\u00e4tkokous<\/span><\/p>\n<p><span style=\"color: #000000;\"><strong>2.3.2001<\/strong><\/span><\/p>\n<p><span style=\"color: #000000;\"><em>Public Attitudes Towards NATO\u2019s Operations in the Balkans<\/em><\/span><\/p>\n<p><span style=\"color: #000000;\">Speaker: Prof.<strong> Alan Lee Williams<\/strong> OBE, President, Atlantic Treaty Association; Director, Atlantic Council of the UK<\/span><\/p>\n<p><span style=\"color: #000000;\"><strong>1.\u20133.3.2001<\/strong><\/span><\/p>\n<p><span style=\"color: #000000;\">Atlantic Treaty Associationin puheenjohtaja ja Britannian Atlantti-Seuran johtaja <strong>Alan Lee Williams<\/strong> OBE vieraili Helsingiss\u00e4. Williams tapasi puolustusministeri <strong>Jan-Erik Enestamin<\/strong> ja kansanedustajia.<\/span><\/p>\n","protected":false},"excerpt":{"rendered":"<p>19.\u201320.10.2001 Baltic Security, NATO and the EU Opening remarks: Mr Jaakko Iloniemi, Ambassador (ret.), Minister (Hon.) Speakers: Transatlantic Relations and Northern Europe Mr Jaakko Laajava, Under-Secretary of State, Ministry for Foreing Affairs of Finland The Strategic Environment \u2013 the Next 20 Years Prof. Alan Lee Williams OBE, President, Atlantic Treaty Association; Director, Atlantic Council of &hellip; <\/p>\n","protected":false},"author":1,"featured_media":0,"parent":0,"menu_order":0,"comment_status":"closed","ping_status":"closed","template":"","meta":[],"_links":{"self":[{"href":"http:\/\/atlanttiseura.fi\/index.php?rest_route=\/wp\/v2\/pages\/3317"}],"collection":[{"href":"http:\/\/atlanttiseura.fi\/index.php?rest_route=\/wp\/v2\/pages"}],"about":[{"href":"http:\/\/atlanttiseura.fi\/index.php?rest_route=\/wp\/v2\/types\/page"}],"author":[{"embeddable":true,"href":"http:\/\/atlanttiseura.fi\/index.php?rest_route=\/wp\/v2\/users\/1"}],"replies":[{"embeddable":true,"href":"http:\/\/atlanttiseura.fi\/index.php?rest_route=%2Fwp%2Fv2%2Fcomments&post=3317"}],"version-history":[{"count":4,"href":"http:\/\/atlanttiseura.fi\/index.php?rest_route=\/wp\/v2\/pages\/3317\/revisions"}],"predecessor-version":[{"id":3751,"href":"http:\/\/atlanttiseura.fi\/index.php?rest_route=\/wp\/v2\/pages\/3317\/revisions\/3751"}],"wp:attachment":[{"href":"http:\/\/atlanttiseura.fi\/index.php?rest_route=%2Fwp%2Fv2%2Fmedia&parent=3317"}],"curies":[{"name":"wp","href":"https:\/\/api.w.org\/{rel}","templated":true}]}}