{"id":3315,"date":"2017-03-22T13:29:56","date_gmt":"2017-03-22T13:29:56","guid":{"rendered":"http:\/\/atlanttiseura.fi\/?page_id=3315"},"modified":"2022-02-23T00:08:44","modified_gmt":"2022-02-23T00:08:44","slug":"2002-2","status":"publish","type":"page","link":"http:\/\/atlanttiseura.fi\/?page_id=3315","title":{"rendered":"2002"},"content":{"rendered":"<p><span style=\"color: #000000;\"><strong>29.11.2002<\/strong><\/span><\/p>\n<p><span style=\"color: #000000;\"><em>NATO After Prague<\/em><\/span><\/p>\n<p><span style=\"color: #000000;\">Speakers:<\/span><br \/>\n<span style=\"color: #000000;\">Dr.<strong> Edgar Buckley<\/strong>, \u00a0Assistant Secretary General for Defence Planning and Operations, NATO <strong><br \/>\n<\/strong>H.E<strong>. Rockwell A. Schnabel<\/strong>, Ambassador, United States Mission to the European Union<strong><br \/>\n<\/strong>Ms<strong> Alyson Bailes<\/strong>, Ambassador (ret.), Director, Stockholm International Peace Research Institute (SIPRI)<strong><br \/>\n<\/strong>Mr<strong> Antti Kalliom\u00e4ki<\/strong>, Member of Parliament, Chairman of Security Policy Monitoring Group, Parliament of Finland<strong><br \/>\n<\/strong>H.E.<strong> Antti Sierla<\/strong>, Ambassador, Embassy of Finland in Brussels; Head of Mission of Finland to NATO<\/span><\/p>\n<p><span style=\"color: #000000;\"><strong>26.9.2002<\/strong><\/span><\/p>\n<p><span style=\"color: #000000;\"><em>Transatlanttiset taloussuhteet<\/em><\/span><\/p>\n<p><span style=\"color: #000000;\">Puhuja:<strong> Jari Vil\u00e9n<\/strong>, Ulkomaankauppaministeri<\/span><\/p>\n<p><span style=\"color: #000000;\"><strong>26.9.2002<\/strong><\/span><\/p>\n<p><span style=\"color: #000000;\"><em>Suomen Atlantti-Seuran s\u00e4\u00e4nt\u00f6m\u00e4\u00e4r\u00e4inen syyskokous<\/em><\/span><\/p>\n<p><span style=\"color: #000000;\">Henkil\u00f6valinnat vuodelle 2003:<\/span><\/p>\n<p><span style=\"color: #000000;\">Suomen Atlantti-Seuran puheenjohtajaksi valittiin ministeri, suurl\u00e4hettil\u00e4s<strong> Paavo Rantanen<\/strong><\/span><\/p>\n<p><span style=\"color: #000000;\">Suomen Atlantti-Seuran hallituksen j\u00e4senet vuodelle 2003:<\/span><\/p>\n<p><span style=\"color: #000000;\"><strong>Maria-Kaisa Aula<\/strong><\/span><br \/>\n<span style=\"color: #000000;\"><strong>Karoliina Honkanen<\/strong><\/span><br \/>\n<span style=\"color: #000000;\"><strong>Heikki Hult<\/strong><\/span><br \/>\n<span style=\"color: #000000;\"><strong>Tarja Kantola<\/strong><\/span><br \/>\n<span style=\"color: #000000;\"><strong>Jyrki Karvinen<\/strong><\/span><br \/>\n<span style=\"color: #000000;\"><strong>Tomas Ries<\/strong><\/span><br \/>\n<span style=\"color: #000000;\"><strong>Ilkka Suominen<\/strong><\/span><br \/>\n<span style=\"color: #000000;\"><strong>Astrid Thors<\/strong><\/span><\/p>\n<p><span style=\"color: #000000;\">Sihteeri:<\/span><br \/>\n<span style=\"color: #000000;\"><strong>Kristiina Rinkineva<\/strong><\/span><\/p>\n<p><span style=\"color: #000000;\"><strong>13.6.2002<\/strong><\/span><\/p>\n<p><span style=\"color: #000000;\"><em>Suomen Atlantti-Seuran j\u00e4rjest\u00e4m\u00e4 pohjoismaisten Atlantti-Seurojen kokous<\/em><\/span><\/p>\n<p><span style=\"color: #000000;\">Aiheet:<\/span><br \/>\n<span style=\"color: #000000;\">Pohjoismainen ehdokas ATA:n varapuheenjohtajan teht\u00e4v\u00e4\u00e4n<\/span><br \/>\n<span style=\"color: #000000;\">Pohjoismaisten seurojen yhteisty\u00f6<\/span><\/p>\n<p><span style=\"color: #000000;\">Suomenlinna, Helsinki<\/span><\/p>\n<p><span style=\"color: #000000;\"><strong>24.4.2002<\/strong><\/span><\/p>\n<p><span style=\"color: #000000;\"><em>Ajankohtaista turvallisuuspolitiikasta<\/em><\/span><\/p>\n<p><span style=\"color: #000000;\">Alustajat:<\/span><br \/>\n<span style=\"color: #000000;\"><strong>Jaakko Laajava<\/strong>, Alivaltiosihteeri, Ulkoministeri\u00f6<\/span><br \/>\n<span style=\"color: #000000;\"><a style=\"color: #000000;\" href=\"http:\/\/formin.finland.fi\/public\/default.aspx?contentid=56872&amp;nodeid=15149&amp;contentlan=1&amp;culture=fi-FI\" target=\"_blank\" rel=\"noopener\">&gt;&gt;Jaakko Laajavan puhe<\/a><\/span><br \/>\n<span style=\"color: #000000;\"><strong>Matti Ahola<\/strong>, Kansliap\u00e4\u00e4llikk\u00f6, Puolustusministeri\u00f6<\/span><\/p>\n<p><span style=\"color: #000000;\"><strong>24.4.2002<\/strong><\/span><\/p>\n<p><span style=\"color: #000000;\"><em>Suomen Atlantti-Seuran s\u00e4\u00e4nt\u00f6m\u00e4\u00e4r\u00e4inen kev\u00e4tkokous<\/em><\/span><\/p>\n<p><span style=\"color: #000000;\"><strong>26.2.2002<\/strong><\/span><\/p>\n<p><span style=\"color: #000000;\"><em>Changes in the Security Environment of the Nordic\/Baltic Region<\/em><\/span><\/p>\n<p><span style=\"color: #000000;\">Speaker: H.E. <strong>Alyson Bailes<\/strong>, Her Britannic Majesty\u2019s Ambassador to Finland<\/span><\/p>\n","protected":false},"excerpt":{"rendered":"<p>29.11.2002 NATO After Prague Speakers: Dr. Edgar Buckley, \u00a0Assistant Secretary General for Defence Planning and Operations, NATO H.E. Rockwell A. Schnabel, Ambassador, United States Mission to the European Union Ms Alyson Bailes, Ambassador (ret.), Director, Stockholm International Peace Research Institute (SIPRI) Mr Antti Kalliom\u00e4ki, Member of Parliament, Chairman of Security Policy Monitoring Group, Parliament of &hellip; <\/p>\n","protected":false},"author":1,"featured_media":0,"parent":0,"menu_order":0,"comment_status":"closed","ping_status":"closed","template":"","meta":[],"_links":{"self":[{"href":"http:\/\/atlanttiseura.fi\/index.php?rest_route=\/wp\/v2\/pages\/3315"}],"collection":[{"href":"http:\/\/atlanttiseura.fi\/index.php?rest_route=\/wp\/v2\/pages"}],"about":[{"href":"http:\/\/atlanttiseura.fi\/index.php?rest_route=\/wp\/v2\/types\/page"}],"author":[{"embeddable":true,"href":"http:\/\/atlanttiseura.fi\/index.php?rest_route=\/wp\/v2\/users\/1"}],"replies":[{"embeddable":true,"href":"http:\/\/atlanttiseura.fi\/index.php?rest_route=%2Fwp%2Fv2%2Fcomments&post=3315"}],"version-history":[{"count":3,"href":"http:\/\/atlanttiseura.fi\/index.php?rest_route=\/wp\/v2\/pages\/3315\/revisions"}],"predecessor-version":[{"id":3752,"href":"http:\/\/atlanttiseura.fi\/index.php?rest_route=\/wp\/v2\/pages\/3315\/revisions\/3752"}],"wp:attachment":[{"href":"http:\/\/atlanttiseura.fi\/index.php?rest_route=%2Fwp%2Fv2%2Fmedia&parent=3315"}],"curies":[{"name":"wp","href":"https:\/\/api.w.org\/{rel}","templated":true}]}}