{"id":3311,"date":"2017-03-22T13:28:34","date_gmt":"2017-03-22T13:28:34","guid":{"rendered":"http:\/\/atlanttiseura.fi\/?page_id=3311"},"modified":"2022-02-23T00:10:30","modified_gmt":"2022-02-23T00:10:30","slug":"2004-2","status":"publish","type":"page","link":"http:\/\/atlanttiseura.fi\/?page_id=3311","title":{"rendered":"2004"},"content":{"rendered":"<p><span style=\"color: #000000;\"><strong>1. \u2013 3.12.2004<\/strong><\/span><\/p>\n<p><span style=\"color: #000000;\"><em>General Assembly and Council Meeting of the Atlantic Treaty Association (ATA)<\/em><\/span><\/p>\n<p><span style=\"color: #000000;\">Venue: Rome, Italy<\/span><\/p>\n<p><span style=\"color: #000000;\"><strong>29.11.2004<\/strong><\/span><\/p>\n<p><span style=\"color: #000000;\"><em>Small States and NATO<\/em><\/span><\/p>\n<p><span style=\"color: #000000;\">Speakers:<\/span><br \/>\n<span style=\"color: #000000;\">H.E.<strong> Nicolas Burns,<\/strong> US Permanent Representative to NATO,<\/span><br \/>\n<span style=\"color: #000000;\">United States Mission to NATO<strong><br \/>\n<\/strong>Prof. <strong>Rob de Wijk<\/strong>, Director, Clingendael Center for Strategic Studies, Netherlands<strong><br \/>\n<\/strong><\/span><\/p>\n<p><span style=\"color: #000000;\">Venue: House of Estates, Helsinki<\/span><\/p>\n<p><span style=\"color: #000000;\"><strong>21.10.2004<\/strong><\/span><\/p>\n<p><span style=\"color: #000000;\">Metallity\u00f6v\u00e4en liiton puheenjohtaja <strong>Erkki Vuorenmaa <\/strong>piti\u00a0puheen Suomen Atlantti-Seuran syyskokouksen yhteydess\u00e4.<\/span><\/p>\n<p><span style=\"color: #000000;\">Paikka: Metallity\u00f6v\u00e4en liitto ry<\/span><\/p>\n<p><span style=\"color: #000000;\"><strong>21.10.2004<\/strong><\/span><\/p>\n<p><span style=\"color: #000000;\"><em>Suomen Atlantti-Seuran s\u00e4\u00e4nt\u00f6m\u00e4\u00e4r\u00e4inen syyskokous<\/em><\/span><\/p>\n<p><span style=\"color: #000000;\">Henkil\u00f6valinnat vuodelle 2005:<\/span><\/p>\n<p><span style=\"color: #000000;\">Suomen Atlantti-Seuran puheenjohtajaksi valittiin ministeri, suurl\u00e4hettil\u00e4s<strong> Paavo Rantanen<\/strong><\/span><\/p>\n<p><span style=\"color: #000000;\">Suomen Atlantti-Seuran hallituksen j\u00e4senet vuodelle 2005:<strong><br \/>\n<\/strong><\/span><\/p>\n<p><span style=\"color: #000000;\"><strong>Karoliina Honkanen<\/strong><\/span><br \/>\n<span style=\"color: #000000;\"><strong>Tarja Kantola<\/strong><\/span><br \/>\n<span style=\"color: #000000;\"><strong>Jyrki Katainen<\/strong><\/span><br \/>\n<span style=\"color: #000000;\"><strong>Olli Kivinen<\/strong><\/span><br \/>\n<span style=\"color: #000000;\"><strong>Risto E.J. Penttil\u00e4<\/strong><\/span><br \/>\n<span style=\"color: #000000;\"><strong>Tomas Ries<\/strong><\/span><br \/>\n<span style=\"color: #000000;\"><strong>Arto R\u00e4ty<\/strong><\/span><br \/>\n<span style=\"color: #000000;\"><strong>Martti Set\u00e4l\u00e4<\/strong><\/span><br \/>\n<span style=\"color: #000000;\"><strong>Ilkka Suominen<\/strong><\/span><br \/>\n<span style=\"color: #000000;\"><strong>Astrid Thors<\/strong><\/span><\/p>\n<p><span style=\"color: #000000;\">Sihteeri:<\/span><br \/>\n<span style=\"color: #000000;\"><strong>Kristiina Rinkineva<\/strong><\/span><\/p>\n<p><span style=\"color: #000000;\">Paikka: Metallity\u00f6v\u00e4en liitto ry<\/span><\/p>\n<p><span style=\"color: #000000;\"><strong>26.4.2004<\/strong><\/span><\/p>\n<p><span style=\"color: #000000;\">Valtiosihteeri <strong>Risto Volanen <\/strong>Valtioneuvoston kansliasta piti\u00a0puheen Suomen Atlantti-Seuran kev\u00e4tkokouksen yhteydess\u00e4.<\/span><\/p>\n<p><span style=\"color: #000000;\">Paikka: S\u00e4\u00e4tytalo, Helsinki<\/span><\/p>\n<p><span style=\"color: #000000;\"><strong>26.4.2004<\/strong><\/span><\/p>\n<p><span style=\"color: #000000;\"><em>Suomen Atlantti-Seuran s\u00e4\u00e4nt\u00f6m\u00e4\u00e4r\u00e4inen\u00a0kev\u00e4tkokous<\/em><\/span><\/p>\n<p><span style=\"color: #000000;\">Paikka: S\u00e4\u00e4tytalo, Helsinki<\/span><\/p>\n<p><span style=\"color: #000000;\"><strong>25.3.2004<\/strong><\/span><\/p>\n<p><span style=\"color: #000000;\"><em>Canada<\/em><em>, NATO and the Transatlantic Link<\/em><\/span><\/p>\n<p><span style=\"color: #000000;\">Speaker: H.E <strong>Ad\u00e8le Dion,<\/strong> Ambassador, Embassy of Canada to Finland<strong><br \/>\n<\/strong><\/span><\/p>\n<p><span style=\"color: #000000;\">Venue: Diana Auditorium, Helsinki<\/span><\/p>\n<p><span style=\"color: #000000;\"><strong>11.2.2004<\/strong><\/span><\/p>\n<p><span style=\"color: #000000;\"><em>French Perspectives on the European Defence Dimension and the Future of the North Atlantic Alliance<\/em><\/span><\/p>\n<p><span style=\"color: #000000;\">Speaker: H.E.<strong> Jean-Jacques Subrenat,<\/strong> Ambassador, French Embassy in Helsinki<strong><br \/>\n<\/strong><\/span><\/p>\n<p><span style=\"color: #000000;\">Venue: Diana Auditorium, Helsinki<\/span><\/p>\n","protected":false},"excerpt":{"rendered":"<p>1. \u2013 3.12.2004 General Assembly and Council Meeting of the Atlantic Treaty Association (ATA) Venue: Rome, Italy 29.11.2004 Small States and NATO Speakers: H.E. Nicolas Burns, US Permanent Representative to NATO, United States Mission to NATO Prof. Rob de Wijk, Director, Clingendael Center for Strategic Studies, Netherlands Venue: House of Estates, Helsinki 21.10.2004 Metallity\u00f6v\u00e4en liiton &hellip; <\/p>\n","protected":false},"author":1,"featured_media":0,"parent":0,"menu_order":0,"comment_status":"closed","ping_status":"closed","template":"","meta":[],"_links":{"self":[{"href":"http:\/\/atlanttiseura.fi\/index.php?rest_route=\/wp\/v2\/pages\/3311"}],"collection":[{"href":"http:\/\/atlanttiseura.fi\/index.php?rest_route=\/wp\/v2\/pages"}],"about":[{"href":"http:\/\/atlanttiseura.fi\/index.php?rest_route=\/wp\/v2\/types\/page"}],"author":[{"embeddable":true,"href":"http:\/\/atlanttiseura.fi\/index.php?rest_route=\/wp\/v2\/users\/1"}],"replies":[{"embeddable":true,"href":"http:\/\/atlanttiseura.fi\/index.php?rest_route=%2Fwp%2Fv2%2Fcomments&post=3311"}],"version-history":[{"count":3,"href":"http:\/\/atlanttiseura.fi\/index.php?rest_route=\/wp\/v2\/pages\/3311\/revisions"}],"predecessor-version":[{"id":3754,"href":"http:\/\/atlanttiseura.fi\/index.php?rest_route=\/wp\/v2\/pages\/3311\/revisions\/3754"}],"wp:attachment":[{"href":"http:\/\/atlanttiseura.fi\/index.php?rest_route=%2Fwp%2Fv2%2Fmedia&parent=3311"}],"curies":[{"name":"wp","href":"https:\/\/api.w.org\/{rel}","templated":true}]}}