{"id":3234,"date":"2017-03-17T16:43:33","date_gmt":"2017-03-17T16:43:33","guid":{"rendered":"http:\/\/atlanttiseura.fi\/?page_id=3234"},"modified":"2025-02-10T17:26:56","modified_gmt":"2025-02-10T17:26:56","slug":"3234-2","status":"publish","type":"page","link":"http:\/\/atlanttiseura.fi\/?page_id=3234","title":{"rendered":"J\u00e4senhakemus"},"content":{"rendered":"<p><span style=\"color: #000000;\">Suomen Atlantti-Seuran varsinaiseksi j\u00e4seneksi voidaan hyv\u00e4ksy\u00e4 henkil\u00f6, joka hyv\u00e4ksyy yhdistyksen tarkoituksen. Kannattavaksi j\u00e4seneksi voidaan hyv\u00e4ksy\u00e4 yksityinen henkil\u00f6 tai oikeuskelpoinen yhteis\u00f6, joka haluaa tukea yhdistyksen tarkoitusta ja toimintaa. Varsinaiset j\u00e4senet ja kannattavat j\u00e4senet hyv\u00e4ksyy hakemuksesta yhdistyksen hallitus.<\/span><\/p>\n<p><span style=\"color: #000000;\">Suomen Atlantti-Seuran j\u00e4senmaksut:<\/span><\/p>\n<ul>\n<li><span style=\"color: #000000;\">Varsinainen j\u00e4sen 65 \u20ac\/vuosi<\/span><\/li>\n<li><span style=\"color: #000000;\">Opiskelija ja varusmies 20 \u20ac\/vuosi<\/span><\/li>\n<li><span style=\"color: #000000;\">Kannatusj\u00e4sen 1.500 \u20ac\/vuosi<\/span><\/li>\n<li><span style=\"color: #000000;\">Ainaisj\u00e4sen 750\u00a0\u20ac\/kertamaksu<\/span><\/li>\n<\/ul>\n<p><span style=\"color: #000000;\">Ohjeet j\u00e4senmaksun suorittamiseen toimitetaan j\u00e4seneksihyv\u00e4ksymisen j\u00e4lkeen.<\/span><\/p>\n<div class=\"wpforms-container wpforms-container-full\" id=\"wpforms-3377\"><form id=\"wpforms-form-3377\" class=\"wpforms-validate wpforms-form\" data-formid=\"3377\" method=\"post\" enctype=\"multipart\/form-data\" action=\"\/index.php?rest_route=%2Fwp%2Fv2%2Fpages%2F3234\" data-token=\"980b20357f9ce1dbbf241d7db502a7f3\"><noscript class=\"wpforms-error-noscript\">Please enable JavaScript in your browser to complete this form.<\/noscript><div class=\"wpforms-field-container\"><div id=\"wpforms-3377-field_0-container\" class=\"wpforms-field wpforms-field-name\" data-field-id=\"0\"><label class=\"wpforms-field-label\" for=\"wpforms-3377-field_0\">Nimi <span class=\"wpforms-required-label\">*<\/span><\/label><input type=\"text\" id=\"wpforms-3377-field_0\" class=\"wpforms-field-medium wpforms-field-required\" name=\"wpforms[fields][0]\" required><\/div><div id=\"wpforms-3377-field_1-container\" class=\"wpforms-field wpforms-field-email\" data-field-id=\"1\"><label class=\"wpforms-field-label\" for=\"wpforms-3377-field_1\">E-mail <span class=\"wpforms-required-label\">*<\/span><\/label><input type=\"email\" id=\"wpforms-3377-field_1\" class=\"wpforms-field-medium wpforms-field-required\" name=\"wpforms[fields][1]\" spellcheck=\"false\" required><\/div><div id=\"wpforms-3377-field_3-container\" class=\"wpforms-field wpforms-field-text\" data-field-id=\"3\"><label class=\"wpforms-field-label\" for=\"wpforms-3377-field_3\">Arvo tai asema<\/label><input type=\"text\" id=\"wpforms-3377-field_3\" class=\"wpforms-field-medium\" name=\"wpforms[fields][3]\" ><\/div><div id=\"wpforms-3377-field_4-container\" class=\"wpforms-field wpforms-field-text\" data-field-id=\"4\"><label class=\"wpforms-field-label\" for=\"wpforms-3377-field_4\">Organisaatio<\/label><input type=\"text\" id=\"wpforms-3377-field_4\" class=\"wpforms-field-medium\" name=\"wpforms[fields][4]\" ><\/div><div id=\"wpforms-3377-field_5-container\" class=\"wpforms-field wpforms-field-text\" data-field-id=\"5\"><label class=\"wpforms-field-label\" for=\"wpforms-3377-field_5\">Katuosoite<\/label><input type=\"text\" id=\"wpforms-3377-field_5\" class=\"wpforms-field-medium\" name=\"wpforms[fields][5]\" ><\/div><div id=\"wpforms-3377-field_6-container\" class=\"wpforms-field wpforms-field-text\" data-field-id=\"6\"><label class=\"wpforms-field-label\" for=\"wpforms-3377-field_6\">Postinumero ja toimipaikka<\/label><input type=\"text\" id=\"wpforms-3377-field_6\" class=\"wpforms-field-medium\" name=\"wpforms[fields][6]\" ><\/div><div id=\"wpforms-3377-field_8-container\" class=\"wpforms-field wpforms-field-text\" data-field-id=\"8\"><label class=\"wpforms-field-label\" for=\"wpforms-3377-field_8\">Syntym\u00e4aika<\/label><input type=\"text\" id=\"wpforms-3377-field_8\" class=\"wpforms-field-medium\" name=\"wpforms[fields][8]\" ><div class=\"wpforms-field-description\">PP.KK.VVVV.<\/div><\/div><div id=\"wpforms-3377-field_7-container\" class=\"wpforms-field wpforms-field-text\" data-field-id=\"7\"><label class=\"wpforms-field-label\" for=\"wpforms-3377-field_7\">Puhelinnumero<\/label><input type=\"text\" id=\"wpforms-3377-field_7\" class=\"wpforms-field-medium\" name=\"wpforms[fields][7]\" ><\/div><div id=\"wpforms-3377-field_2-container\" class=\"wpforms-field wpforms-field-textarea\" data-field-id=\"2\"><label class=\"wpforms-field-label\" for=\"wpforms-3377-field_2\">Mahdollisia lis\u00e4tietoja<\/label><textarea id=\"wpforms-3377-field_2\" class=\"wpforms-field-medium\" name=\"wpforms[fields][2]\" ><\/textarea><\/div><div id=\"wpforms-3377-field_10-container\" class=\"wpforms-field wpforms-field-checkbox\" data-field-id=\"10\"><ul id=\"wpforms-3377-field_10\"><li class=\"choice-1 depth-1\"><input type=\"checkbox\" id=\"wpforms-3377-field_10_1\" name=\"wpforms[fields][10][]\" value=\"Olen alle 30-vuotias ja haluan liitty\u00e4 Suomen Atlantti-Seuran nuoriin (ei lis\u00e4maksua)\"  ><label class=\"wpforms-field-label-inline\" for=\"wpforms-3377-field_10_1\">Olen alle 30-vuotias ja haluan liitty\u00e4 Suomen Atlantti-Seuran nuoriin (ei lis\u00e4maksua)<\/label><\/li><\/ul><\/div><\/div><!-- .wpforms-field-container --><div class=\"wpforms-field wpforms-field-hp\"><label for=\"wpforms-3377-field-hp\" class=\"wpforms-field-label\">Name<\/label><input type=\"text\" name=\"wpforms[hp]\" id=\"wpforms-3377-field-hp\" class=\"wpforms-field-medium\"><\/div><div class=\"wpforms-submit-container\" ><input type=\"hidden\" name=\"wpforms[id]\" value=\"3377\"><input type=\"hidden\" name=\"wpforms[author]\" value=\"1\"><button type=\"submit\" name=\"wpforms[submit]\" id=\"wpforms-submit-3377\" class=\"wpforms-submit\" data-alt-text=\"L\u00e4hett\u00e4\u00e4\" data-submit-text=\"L\u00e4het\u00e4\" aria-live=\"assertive\" value=\"wpforms-submit\">L\u00e4het\u00e4<\/button><\/div><input\n                    class=\"apbct_special_field apbct_email_id__wp_wpforms\"\n                    name=\"apbct__email_id__wp_wpforms\"\n                    aria-label=\"apbct__label_id__wp_wpforms\"\n                    type=\"text\" size=\"30\" maxlength=\"200\" autocomplete=\"off\"\n                    value=\"\"\n                \/><\/form><\/div>  <!-- .wpforms-container -->\n","protected":false},"excerpt":{"rendered":"<p>Suomen Atlantti-Seuran varsinaiseksi j\u00e4seneksi voidaan hyv\u00e4ksy\u00e4 henkil\u00f6, joka hyv\u00e4ksyy yhdistyksen tarkoituksen. Kannattavaksi j\u00e4seneksi voidaan hyv\u00e4ksy\u00e4 yksityinen henkil\u00f6 tai oikeuskelpoinen yhteis\u00f6, joka haluaa tukea yhdistyksen tarkoitusta ja toimintaa. Varsinaiset j\u00e4senet ja kannattavat j\u00e4senet hyv\u00e4ksyy hakemuksesta yhdistyksen hallitus. Suomen Atlantti-Seuran j\u00e4senmaksut: Varsinainen j\u00e4sen 65 \u20ac\/vuosi Opiskelija ja varusmies 20 \u20ac\/vuosi Kannatusj\u00e4sen 1.500 \u20ac\/vuosi Ainaisj\u00e4sen 750\u00a0\u20ac\/kertamaksu Ohjeet j\u00e4senmaksun &hellip; <\/p>\n","protected":false},"author":1,"featured_media":0,"parent":0,"menu_order":0,"comment_status":"closed","ping_status":"closed","template":"","meta":[],"_links":{"self":[{"href":"http:\/\/atlanttiseura.fi\/index.php?rest_route=\/wp\/v2\/pages\/3234"}],"collection":[{"href":"http:\/\/atlanttiseura.fi\/index.php?rest_route=\/wp\/v2\/pages"}],"about":[{"href":"http:\/\/atlanttiseura.fi\/index.php?rest_route=\/wp\/v2\/types\/page"}],"author":[{"embeddable":true,"href":"http:\/\/atlanttiseura.fi\/index.php?rest_route=\/wp\/v2\/users\/1"}],"replies":[{"embeddable":true,"href":"http:\/\/atlanttiseura.fi\/index.php?rest_route=%2Fwp%2Fv2%2Fcomments&post=3234"}],"version-history":[{"count":16,"href":"http:\/\/atlanttiseura.fi\/index.php?rest_route=\/wp\/v2\/pages\/3234\/revisions"}],"predecessor-version":[{"id":3963,"href":"http:\/\/atlanttiseura.fi\/index.php?rest_route=\/wp\/v2\/pages\/3234\/revisions\/3963"}],"wp:attachment":[{"href":"http:\/\/atlanttiseura.fi\/index.php?rest_route=%2Fwp%2Fv2%2Fmedia&parent=3234"}],"curies":[{"name":"wp","href":"https:\/\/api.w.org\/{rel}","templated":true}]}}