{"id":3198,"date":"2017-03-17T16:29:06","date_gmt":"2017-03-17T16:29:06","guid":{"rendered":"http:\/\/atlanttiseura.fi\/?page_id=3198"},"modified":"2024-01-31T00:44:37","modified_gmt":"2024-01-31T00:44:37","slug":"kansainvalisyys-2","status":"publish","type":"page","link":"http:\/\/atlanttiseura.fi\/?page_id=3198","title":{"rendered":"Kansainv\u00e4linen toiminta"},"content":{"rendered":"\n<figure class=\"wp-block-image\"><img decoding=\"async\" src=\"blob:http:\/\/atlanttiseura.fi\/ca984093-c190-4011-9e75-1a8c1fe818f5\" alt=\"\"\/><\/figure>\n\n\n<p><img decoding=\"async\" src=\"http:\/\/atlanttiseura.fi\/WP\/wp-content\/uploads\/2024\/01\/nato-liput-plm.jpg\" \/><\/p>\n<p>\u00a0<\/p>\n<p><span style=\"color: #000000;\">Suomen Atlantti-Seura on <strong><a style=\"color: #000000;\" href=\"https:\/\/atahq.info\/\">Atlantic Treaty Associationin (ATA)<\/a><\/strong> j\u00e4sen. ATA on 37 kansallisen Atlantti-Seuran kattoj\u00e4rjest\u00f6, joka on perustettu vuonna 1954. Atlantic Treaty Associationin varsinaisia j\u00e4seni\u00e4 ovat Naton j<\/span><span style=\"color: #000000;\">\u00e4senmaiden Atlantti-Seurat ja liit\u00e4nn\u00e4isj\u00e4seni\u00e4 Naton rauhankumppanuusmaiden (Partnership for Peace, PfP) Atlantti-Seurat. Suomen Atlantti-Seurasta tuli liit\u00e4nn\u00e4isj\u00e4sen Budapestiss\u00e4 pidetyss\u00e4 Atlantic Treaty Associationin 46. yleiskokouksessa marraskuussa 2000 ja 4.4.2023 Suomen Nato-j\u00e4senyyden my\u00f6t\u00e4 kattoj\u00e4rjest\u00f6n t\u00e4ysivaltainen j\u00e4sen. Suomen Atlantti-Seura osallistuu aktiivisesti kansainv\u00e4liseen ATA-verkoston toimintaan ja muiden Atlantti-Seurojen j\u00e4rjest\u00e4miin tapahtumiin.<br \/><\/span><\/p>\n<p><span style=\"color: #000000;\">ATAn presidenttin\u00e4 toimii kreikkalainen Dr. Theodossios Georgiou. Suomen Atlantti-Seuran p\u00e4\u00e4sihteeri Terhi Suominen on kattoj\u00e4rjest\u00f6n varapresidentti. ATAn p\u00e4\u00e4maja sijaitsee Brysseliss\u00e4. Lis\u00e4tietoa ATAsta l\u00f6ytyy verkkosivuilta: <a style=\"color: #000000;\" href=\"https:\/\/atahq.info\/\">https:\/\/atahq.info\/<\/a><\/span><\/p>\n<p>\u00a0<\/p>\n<p><span style=\"color: #000000;\"><strong>Atlantic Treaty Association (ATA)<\/strong><\/span><br \/><span style=\"color: #000000;\"> Club Prince Albert<\/span><br \/><span style=\"color: #000000;\"> Rue des Petits Carmes 20-24<\/span><br \/><span style=\"color: #000000;\"> B-1000 Bruxelles, Belgium<\/span><\/p>\n<div class=\"container\">\n<div class=\"row\">\n<div class=\"col-12 the-content page\">\n<div class=\"row\">\n<div class=\"col-12 page-text\">\n<p><span style=\"color: #000000;\">Email: <a href=\"mailto:ATA.headquarters@outlook.com\" target=\"_self\" rel=\"noopener\" aria-label=\"Go to mailto:ATA.headquarters@outlook.com \">ATA.headquarters@outlook.com<\/a><\/span><\/p>\n<\/div>\n<\/div>\n<\/div>\n<\/div>\n<\/div>","protected":false},"excerpt":{"rendered":"<p>\u00a0 Suomen Atlantti-Seura on Atlantic Treaty Associationin (ATA) j\u00e4sen. ATA on 37 kansallisen Atlantti-Seuran kattoj\u00e4rjest\u00f6, joka on perustettu vuonna 1954. Atlantic Treaty Associationin varsinaisia j\u00e4seni\u00e4 ovat Naton j\u00e4senmaiden Atlantti-Seurat ja liit\u00e4nn\u00e4isj\u00e4seni\u00e4 Naton rauhankumppanuusmaiden (Partnership for Peace, PfP) Atlantti-Seurat. Suomen Atlantti-Seurasta tuli liit\u00e4nn\u00e4isj\u00e4sen Budapestiss\u00e4 pidetyss\u00e4 Atlantic Treaty Associationin 46. yleiskokouksessa marraskuussa 2000 ja 4.4.2023 Suomen Nato-j\u00e4senyyden &hellip; <\/p>\n","protected":false},"author":1,"featured_media":0,"parent":0,"menu_order":0,"comment_status":"closed","ping_status":"closed","template":"","meta":[],"_links":{"self":[{"href":"http:\/\/atlanttiseura.fi\/index.php?rest_route=\/wp\/v2\/pages\/3198"}],"collection":[{"href":"http:\/\/atlanttiseura.fi\/index.php?rest_route=\/wp\/v2\/pages"}],"about":[{"href":"http:\/\/atlanttiseura.fi\/index.php?rest_route=\/wp\/v2\/types\/page"}],"author":[{"embeddable":true,"href":"http:\/\/atlanttiseura.fi\/index.php?rest_route=\/wp\/v2\/users\/1"}],"replies":[{"embeddable":true,"href":"http:\/\/atlanttiseura.fi\/index.php?rest_route=%2Fwp%2Fv2%2Fcomments&post=3198"}],"version-history":[{"count":26,"href":"http:\/\/atlanttiseura.fi\/index.php?rest_route=\/wp\/v2\/pages\/3198\/revisions"}],"predecessor-version":[{"id":3924,"href":"http:\/\/atlanttiseura.fi\/index.php?rest_route=\/wp\/v2\/pages\/3198\/revisions\/3924"}],"wp:attachment":[{"href":"http:\/\/atlanttiseura.fi\/index.php?rest_route=%2Fwp%2Fv2%2Fmedia&parent=3198"}],"curies":[{"name":"wp","href":"https:\/\/api.w.org\/{rel}","templated":true}]}}