{"id":3193,"date":"2017-03-17T16:27:49","date_gmt":"2017-03-17T16:27:49","guid":{"rendered":"http:\/\/atlanttiseura.fi\/?page_id=3193"},"modified":"2024-01-30T22:21:17","modified_gmt":"2024-01-30T22:21:17","slug":"nuoret-2","status":"publish","type":"page","link":"http:\/\/atlanttiseura.fi\/?page_id=3193","title":{"rendered":"Nuoret"},"content":{"rendered":"<p><span style=\"color: #000000;\">Suomen Atlantti-Seuran Nuoret, Atlantic Council of Finland Youth eli YATA Finland, on Suomen Atlantti-Seuran alle 35-vuotiaiden j\u00e4senten verkosto, joka on Natosta ja transatlanttisista ulko- ja turvallisuuspoliittisista kysymyksist\u00e4 kiinnostuneiden nuorten keskustelu- ja kohtauspaikka. Nuorten verkosto toteuttaa Suomen Atlantti-Seuran tarkoitusta erityisesti opiskelijoiden ja ty\u00f6uraansa aloittelevien nuorten keskuudessa j\u00e4rjest\u00e4m\u00e4ll\u00e4 muun muassa keskustelutilaisuuksia ajankohtaisista aiheista, vierailuluentoja, seminaareja ja ekskursioita. Suomen Atlantti-Seuran Nuorten verkoston kansainv\u00e4linen kattoj\u00e4rjest\u00f6 on<\/span>\u00a0<span style=\"color: #000000;\"><a style=\"color: #000000;\" href=\"http:\/\/yata-international.org\/\"><strong>Youth Atlantic Treaty Association (YATA)<\/strong><\/a>. <\/span><\/p>\n<p><span style=\"color: #000000;\">Suomen Atlantti-Seuran Nuoret -verkosto on ollut vuodesta 2003 eli perustamisestaan l\u00e4htien Suomen virallinen edustaja kansainv\u00e4lisess\u00e4 Atlantti-Seurojen Nuorten kattoj\u00e4rjest\u00f6 Youth Atlantic Treaty Associationissa (YATA). Suomen Atlantti-Seuran Nuoret edustavat Suomen Atlantti-Seuraa Suomessa ja kansainv\u00e4lisesti.<br \/>\n<\/span><\/p>\n<p><span style=\"color: #000000;\">Lis\u00e4tietoja:<\/span><br \/>\n<span style=\"color: #000000;\">nuoret[at]atlanttiseura.fi<\/span><\/p>\n<p><iframe loading=\"lazy\" src=\"http:\/\/www.facebook.com\/plugins\/likebox.php?href=https%3A%2F%2Fwww.facebook.com%2Fasnuoret&amp;width=292&amp;height=590&amp;colorscheme=light&amp;show_faces=true&amp;border_color&amp;stream=true&amp;header=true\" width=\"320\" height=\"240\" frameborder=\"0\" scrolling=\"no\" data-mce-fragment=\"1\"><\/iframe><\/p>\n","protected":false},"excerpt":{"rendered":"<p>Suomen Atlantti-Seuran Nuoret, Atlantic Council of Finland Youth eli YATA Finland, on Suomen Atlantti-Seuran alle 35-vuotiaiden j\u00e4senten verkosto, joka on Natosta ja transatlanttisista ulko- ja turvallisuuspoliittisista kysymyksist\u00e4 kiinnostuneiden nuorten keskustelu- ja kohtauspaikka. Nuorten verkosto toteuttaa Suomen Atlantti-Seuran tarkoitusta erityisesti opiskelijoiden ja ty\u00f6uraansa aloittelevien nuorten keskuudessa j\u00e4rjest\u00e4m\u00e4ll\u00e4 muun muassa keskustelutilaisuuksia ajankohtaisista aiheista, vierailuluentoja, seminaareja ja ekskursioita. &hellip; <\/p>\n","protected":false},"author":1,"featured_media":0,"parent":0,"menu_order":0,"comment_status":"closed","ping_status":"closed","template":"","meta":[],"_links":{"self":[{"href":"http:\/\/atlanttiseura.fi\/index.php?rest_route=\/wp\/v2\/pages\/3193"}],"collection":[{"href":"http:\/\/atlanttiseura.fi\/index.php?rest_route=\/wp\/v2\/pages"}],"about":[{"href":"http:\/\/atlanttiseura.fi\/index.php?rest_route=\/wp\/v2\/types\/page"}],"author":[{"embeddable":true,"href":"http:\/\/atlanttiseura.fi\/index.php?rest_route=\/wp\/v2\/users\/1"}],"replies":[{"embeddable":true,"href":"http:\/\/atlanttiseura.fi\/index.php?rest_route=%2Fwp%2Fv2%2Fcomments&post=3193"}],"version-history":[{"count":11,"href":"http:\/\/atlanttiseura.fi\/index.php?rest_route=\/wp\/v2\/pages\/3193\/revisions"}],"predecessor-version":[{"id":3848,"href":"http:\/\/atlanttiseura.fi\/index.php?rest_route=\/wp\/v2\/pages\/3193\/revisions\/3848"}],"wp:attachment":[{"href":"http:\/\/atlanttiseura.fi\/index.php?rest_route=%2Fwp%2Fv2%2Fmedia&parent=3193"}],"curies":[{"name":"wp","href":"https:\/\/api.w.org\/{rel}","templated":true}]}}