{"id":13,"date":"2012-05-23T12:02:45","date_gmt":"2012-05-23T12:02:45","guid":{"rendered":"http:\/\/atlanttiseura.fi\/WP\/?page_id=13"},"modified":"2016-12-11T15:03:30","modified_gmt":"2016-12-11T15:03:30","slug":"toiminta","status":"publish","type":"page","link":"http:\/\/atlanttiseura.fi\/?page_id=13","title":{"rendered":"Tapahtumat"},"content":{"rendered":"<p><a href=\"http:\/\/atlanttiseura.fi\/en\/wp-content\/uploads\/2012\/05\/suomiareena_pieni.jpg\"><img decoding=\"async\" loading=\"lazy\" class=\"aligncenter size-full wp-image-140\" title=\"suomiareena_pieni\" src=\"http:\/\/atlanttiseura.fi\/en\/wp-content\/uploads\/2012\/05\/suomiareena_pieni.jpg\" alt=\"\" width=\"448\" height=\"234\" \/><\/a><\/p>\n<p><span style=\"color: #000000;\"><strong>TAPAHTUMAT<\/strong><\/span><\/p>\n<p><span style=\"color: #000000;\">Suomen Atlantti-Seura tarjoaa ainoan euro-atlanttisten ulko- ja turvallisuuspoliittisten kysymysten k\u00e4sittelyyn painottuneen foorumin Suomessa ja edist\u00e4\u00e4 osaltaan moniarvoista keskustelukulttuuria. Seura toimii kohtaamispaikkana ulko- ja turvallisuuspolitiikasta kiinnostuneille suomalaisille j\u00e4rjest\u00e4m\u00e4ll\u00e4 ajankohtaisia tilaisuuksia.<\/span><\/p>\n<p>&nbsp;<\/p>\n<p><span style=\"color: #000000;\"><strong>TULEVAT TAPAHTUMAT 2017<\/strong><\/span><\/p>\n<p>&nbsp;<\/p>\n<p><span style=\"color: #000000;\"><a href=\"http:\/\/atlanttiseura.fi\/WP\/?page_id=30\"><span style=\"color: #000000;\">Menneet tapahtumat<\/span><\/a><a href=\"http:\/\/atlanttiseura.fi\/WP\/?page_id=30\"><span style=\"color: #000000;\"><br \/>\n<\/span><\/a><\/span><\/p>\n","protected":false},"excerpt":{"rendered":"<p>TAPAHTUMAT Suomen Atlantti-Seura tarjoaa ainoan euro-atlanttisten ulko- ja turvallisuuspoliittisten kysymysten k\u00e4sittelyyn painottuneen foorumin Suomessa ja edist\u00e4\u00e4 osaltaan moniarvoista keskustelukulttuuria. Seura toimii kohtaamispaikkana ulko- ja turvallisuuspolitiikasta kiinnostuneille suomalaisille j\u00e4rjest\u00e4m\u00e4ll\u00e4 ajankohtaisia tilaisuuksia. &nbsp; TULEVAT TAPAHTUMAT 2017 &nbsp; Menneet tapahtumat<\/p>\n","protected":false},"author":1,"featured_media":0,"parent":0,"menu_order":3,"comment_status":"closed","ping_status":"closed","template":"","meta":[],"_links":{"self":[{"href":"http:\/\/atlanttiseura.fi\/index.php?rest_route=\/wp\/v2\/pages\/13"}],"collection":[{"href":"http:\/\/atlanttiseura.fi\/index.php?rest_route=\/wp\/v2\/pages"}],"about":[{"href":"http:\/\/atlanttiseura.fi\/index.php?rest_route=\/wp\/v2\/types\/page"}],"author":[{"embeddable":true,"href":"http:\/\/atlanttiseura.fi\/index.php?rest_route=\/wp\/v2\/users\/1"}],"replies":[{"embeddable":true,"href":"http:\/\/atlanttiseura.fi\/index.php?rest_route=%2Fwp%2Fv2%2Fcomments&post=13"}],"version-history":[{"count":47,"href":"http:\/\/atlanttiseura.fi\/index.php?rest_route=\/wp\/v2\/pages\/13\/revisions"}],"predecessor-version":[{"id":2788,"href":"http:\/\/atlanttiseura.fi\/index.php?rest_route=\/wp\/v2\/pages\/13\/revisions\/2788"}],"wp:attachment":[{"href":"http:\/\/atlanttiseura.fi\/index.php?rest_route=%2Fwp%2Fv2%2Fmedia&parent=13"}],"curies":[{"name":"wp","href":"https:\/\/api.w.org\/{rel}","templated":true}]}}